{"id":9122,"date":"2023-09-11T13:38:56","date_gmt":"2023-09-11T16:38:56","guid":{"rendered":"https:\/\/www.militarychile.cl\/?post_type=product&#038;p=9122"},"modified":"2025-10-08T15:43:59","modified_gmt":"2025-10-08T18:43:59","slug":"yokozuna-kalamari-240ul","status":"publish","type":"product","link":"https:\/\/www.militarychile.cl\/?product=yokozuna-kalamari-240ul","title":{"rendered":"YOKOZUNA KALAMARI 240UL"},"content":{"rendered":"<p>La\u00a0<strong>ca\u00f1a Yokozuna\u00a0Kalamari\u00a0<\/strong>, est\u00e1 realizada en\u00a0fibra de carbono con cima s\u00f3lida injertada, lo cual la hace ideal para la pesca del chipir\u00f3n, y la dota de gran sensibilidad para poder manejar jibioneras de tama\u00f1o muy peque\u00f1o, pudiendo mantener el control absoluto durante la navegaci\u00f3n de los mismas y transmiti\u00e9ndonos hasta el m\u00e1s m\u00ednimo toque al otro lado de nuestra l\u00ednea.<\/p>\n<p>240M 3-15G<\/p>\n","protected":false},"excerpt":{"rendered":"<p>La\u00a0ca\u00f1a Yokozuna\u00a0Kalamari\u00a0, est\u00e1 realizada en\u00a0fibra de carbono con cima s\u00f3lida injertada, lo cual la hace ideal para la pesca del chipir\u00f3n, y la dota de gran sensibilidad para poder manejar jibioneras de tama\u00f1o muy peque\u00f1o, pudiendo mantener el control absoluto durante la navegaci\u00f3n de los mismas y transmiti\u00e9ndonos hasta el m\u00e1s m\u00ednimo toque al otro [&hellip;]<\/p>\n","protected":false},"featured_media":9123,"template":"","meta":{"_et_pb_use_builder":"","_et_pb_old_content":"","_et_gb_content_width":""},"product_cat":[1020],"product_tag":[1021,193,702,650],"class_list":{"0":"post-9122","1":"product","2":"type-product","3":"status-publish","4":"has-post-thumbnail","6":"product_cat-canas-ul-y-l","7":"product_tag-cana-ul","8":"product_tag-pesca","9":"product_tag-ul","10":"product_tag-yokozuna","12":"first","13":"instock","14":"shipping-taxable","15":"purchasable","16":"product-type-simple"},"_links":{"self":[{"href":"https:\/\/www.militarychile.cl\/index.php?rest_route=\/wp\/v2\/product\/9122"}],"collection":[{"href":"https:\/\/www.militarychile.cl\/index.php?rest_route=\/wp\/v2\/product"}],"about":[{"href":"https:\/\/www.militarychile.cl\/index.php?rest_route=\/wp\/v2\/types\/product"}],"wp:featuredmedia":[{"embeddable":true,"href":"https:\/\/www.militarychile.cl\/index.php?rest_route=\/wp\/v2\/media\/9123"}],"wp:attachment":[{"href":"https:\/\/www.militarychile.cl\/index.php?rest_route=%2Fwp%2Fv2%2Fmedia&parent=9122"}],"wp:term":[{"taxonomy":"product_cat","embeddable":true,"href":"https:\/\/www.militarychile.cl\/index.php?rest_route=%2Fwp%2Fv2%2Fproduct_cat&post=9122"},{"taxonomy":"product_tag","embeddable":true,"href":"https:\/\/www.militarychile.cl\/index.php?rest_route=%2Fwp%2Fv2%2Fproduct_tag&post=9122"}],"curies":[{"name":"wp","href":"https:\/\/api.w.org\/{rel}","templated":true}]}}