{"id":9127,"date":"2023-09-11T13:46:20","date_gmt":"2023-09-11T16:46:20","guid":{"rendered":"https:\/\/www.militarychile.cl\/?post_type=product&#038;p=9127"},"modified":"2024-02-08T11:14:14","modified_gmt":"2024-02-08T14:14:14","slug":"cana-rapala-pjrey-210-3-5lb-2p","status":"publish","type":"product","link":"https:\/\/www.militarychile.cl\/?product=cana-rapala-pjrey-210-3-5lb-2p","title":{"rendered":"CA\u00d1A RAPALA PJREY 210 3-5LB 2P"},"content":{"rendered":"<p>Ca\u00f1a Fabricada en grafito de alto m\u00f3dulo<\/p>\n<ul>\n<li>Medida:\u00a0 2.10 de 2 tramos<\/li>\n<li>Lanza: 1 \u2013 10 gr<\/li>\n<li>Acci\u00f3n punta tipo pelo<\/li>\n<li>Mayor sensibilidad<\/li>\n<li>Uni\u00f3n simple<\/li>\n<li>Para pesca ultraliviana<\/li>\n<\/ul>\n","protected":false},"excerpt":{"rendered":"<p>Ca\u00f1a Fabricada en grafito de alto m\u00f3dulo Medida:\u00a0 2.10 de 2 tramos Lanza: 1 \u2013 10 gr Acci\u00f3n punta tipo pelo Mayor sensibilidad Uni\u00f3n simple Para pesca ultraliviana<\/p>\n","protected":false},"featured_media":9129,"template":"","meta":{"_et_pb_use_builder":"","_et_pb_old_content":"","_et_gb_content_width":""},"product_cat":[16,253,1020,248],"product_tag":[],"class_list":{"0":"post-9127","1":"product","2":"type-product","3":"status-publish","4":"has-post-thumbnail","6":"product_cat-sin-categorizar","7":"product_cat-canas","8":"product_cat-canas-ul-y-l","9":"product_cat-pesca","11":"first","12":"instock","13":"shipping-taxable","14":"purchasable","15":"product-type-simple"},"_links":{"self":[{"href":"https:\/\/www.militarychile.cl\/index.php?rest_route=\/wp\/v2\/product\/9127"}],"collection":[{"href":"https:\/\/www.militarychile.cl\/index.php?rest_route=\/wp\/v2\/product"}],"about":[{"href":"https:\/\/www.militarychile.cl\/index.php?rest_route=\/wp\/v2\/types\/product"}],"wp:featuredmedia":[{"embeddable":true,"href":"https:\/\/www.militarychile.cl\/index.php?rest_route=\/wp\/v2\/media\/9129"}],"wp:attachment":[{"href":"https:\/\/www.militarychile.cl\/index.php?rest_route=%2Fwp%2Fv2%2Fmedia&parent=9127"}],"wp:term":[{"taxonomy":"product_cat","embeddable":true,"href":"https:\/\/www.militarychile.cl\/index.php?rest_route=%2Fwp%2Fv2%2Fproduct_cat&post=9127"},{"taxonomy":"product_tag","embeddable":true,"href":"https:\/\/www.militarychile.cl\/index.php?rest_route=%2Fwp%2Fv2%2Fproduct_tag&post=9127"}],"curies":[{"name":"wp","href":"https:\/\/api.w.org\/{rel}","templated":true}]}}