{"id":9149,"date":"2023-09-12T11:47:45","date_gmt":"2023-09-12T14:47:45","guid":{"rendered":"https:\/\/www.militarychile.cl\/?post_type=product&#038;p=9149"},"modified":"2023-10-03T11:58:09","modified_gmt":"2023-10-03T14:58:09","slug":"cana-sportex-phenomen-270-2t-19-52g","status":"publish","type":"product","link":"https:\/\/www.militarychile.cl\/?product=cana-sportex-phenomen-270-2t-19-52g","title":{"rendered":"CA\u00d1A SPORTEX PHENOMEN 2,70 2T 19-52G"},"content":{"rendered":"<ul>\n<li>Ca\u00f1a Sportex Phenomen Pm2702<\/li>\n<li>Medida 2.70<\/li>\n<li>Peso 207gr<\/li>\n<li>Material Carbono<\/li>\n<li>Acci\u00f3n R\u00e1pida<\/li>\n<li>Lanza 19-52gr<\/li>\n<li>Punto dulce 40g<\/li>\n<li>Pasadores Sic<\/li>\n<li>Mango corcho natural<\/li>\n<\/ul>\n<p>&nbsp;<\/p>\n","protected":false},"excerpt":{"rendered":"<p>Ca\u00f1a Sportex Phenomen Pm2702 Medida 2.70 Peso 207gr Material Carbono Acci\u00f3n R\u00e1pida Lanza 19-52gr Punto dulce 40g Pasadores Sic Mango corcho natural &nbsp;<\/p>\n","protected":false},"featured_media":9150,"template":"","meta":{"_et_pb_use_builder":"","_et_pb_old_content":"","_et_gb_content_width":""},"product_cat":[253,1027,248],"product_tag":[],"class_list":{"0":"post-9149","1":"product","2":"type-product","3":"status-publish","4":"has-post-thumbnail","6":"product_cat-canas","7":"product_cat-canas-rio-y-lago","8":"product_cat-pesca","10":"first","11":"instock","12":"sale","13":"shipping-taxable","14":"purchasable","15":"product-type-simple"},"_links":{"self":[{"href":"https:\/\/www.militarychile.cl\/index.php?rest_route=\/wp\/v2\/product\/9149"}],"collection":[{"href":"https:\/\/www.militarychile.cl\/index.php?rest_route=\/wp\/v2\/product"}],"about":[{"href":"https:\/\/www.militarychile.cl\/index.php?rest_route=\/wp\/v2\/types\/product"}],"wp:featuredmedia":[{"embeddable":true,"href":"https:\/\/www.militarychile.cl\/index.php?rest_route=\/wp\/v2\/media\/9150"}],"wp:attachment":[{"href":"https:\/\/www.militarychile.cl\/index.php?rest_route=%2Fwp%2Fv2%2Fmedia&parent=9149"}],"wp:term":[{"taxonomy":"product_cat","embeddable":true,"href":"https:\/\/www.militarychile.cl\/index.php?rest_route=%2Fwp%2Fv2%2Fproduct_cat&post=9149"},{"taxonomy":"product_tag","embeddable":true,"href":"https:\/\/www.militarychile.cl\/index.php?rest_route=%2Fwp%2Fv2%2Fproduct_tag&post=9149"}],"curies":[{"name":"wp","href":"https:\/\/api.w.org\/{rel}","templated":true}]}}