{"id":927,"date":"2019-12-16T20:18:43","date_gmt":"2019-12-16T23:18:43","guid":{"rendered":"https:\/\/www.militarychile.cl\/producto\/import-placeholder-for-1517\/"},"modified":"2025-06-02T16:05:47","modified_gmt":"2025-06-02T20:05:47","slug":"artemis-p15-bullpup","status":"publish","type":"product","link":"https:\/\/www.militarychile.cl\/?product=artemis-p15-bullpup","title":{"rendered":"RIFLE P15 BULLPUP 5.5"},"content":{"rendered":"<p>P15 BULLPUP<br \/>\nCALIBRE 5,5 VELOCIDAD 295M\/S PESO 2KG<\/p>\n<p>CARACTERISTICAS:<\/p>\n<p>&#8211; Modelo: P15 PCP Regulado.<br \/>\n&#8211; Calibre: 5.5 mm (.22).<br \/>\n&#8211; Sistema de disparo: Multi-tiro con palanca lateral.<br \/>\n&#8211; Presi\u00f3n m\u00e1xima: 250 BAR.<br \/>\n&#8211; Autonom\u00eda: 60 disparos.(sin regulaci\u00f3n, puede llegar a mas tiros si se regula.)<br \/>\n&#8211; Capacidad del cargador: 9 Postones.<br \/>\n&#8211; Cargadores incluidos: 1 (uno).<br \/>\n&#8211; Tama\u00f1o del dep\u00f3sito: 265 cc.<br \/>\n&#8211; Potencia: 40 Joules.<br \/>\n&#8211; Velocidad en boca media: 800 a 1000 FPS.<br \/>\n&#8211; Alcance Efectivo: 110. Dependiendo de la regulaci\u00f3n y del tirador.<br \/>\n&#8211; Tipo de balines: Balines de plomo.<br \/>\n&#8211; Peso: 2 kg.<br \/>\n&#8211; Largo total: 79 cm.<br \/>\n&#8211; Largo del ca\u00f1o: 54 cm.<br \/>\n&#8211; Tipo de ca\u00f1o: Microestriado.<br \/>\n&#8211; Material del ca\u00f1o: Acero.<br \/>\n&#8211; Tipo de culata: Bullpup.<br \/>\n&#8211; Material de la culata: Madera seleccionada de haya europea.<br \/>\n&#8211; Seguro de gatillo: Si.<br \/>\n&#8211; Man\u00f3metro: Si.<br \/>\n&#8211; Moderador de sonido incorporado.<br \/>\n&#8211; Riel para colocaci\u00f3n de mira telesc\u00f3pica 11 mm.<br \/>\n&#8211; Cantonera de goma.<\/p>\n","protected":false},"excerpt":{"rendered":"<p>P15 BULLPUP CALIBRE 5,5 VELOCIDAD 295M\/S PESO 2KG CARACTERISTICAS: &#8211; Modelo: P15 PCP Regulado. &#8211; Calibre: 5.5 mm (.22). &#8211; Sistema de disparo: Multi-tiro con palanca lateral. &#8211; Presi\u00f3n m\u00e1xima: 250 BAR. &#8211; Autonom\u00eda: 60 disparos.(sin regulaci\u00f3n, puede llegar a mas tiros si se regula.) &#8211; Capacidad del cargador: 9 Postones. &#8211; Cargadores incluidos: 1 [&hellip;]<\/p>\n","protected":false},"featured_media":2008,"template":"","meta":{"_et_pb_use_builder":"","_et_pb_old_content":"","_et_gb_content_width":""},"product_cat":[246],"product_tag":[260],"class_list":{"0":"post-927","1":"product","2":"type-product","3":"status-publish","4":"has-post-thumbnail","6":"product_cat-rifles-pcp","7":"product_tag-rfle-pcp","9":"first","10":"outofstock","11":"shipping-taxable","12":"purchasable","13":"product-type-simple"},"_links":{"self":[{"href":"https:\/\/www.militarychile.cl\/index.php?rest_route=\/wp\/v2\/product\/927"}],"collection":[{"href":"https:\/\/www.militarychile.cl\/index.php?rest_route=\/wp\/v2\/product"}],"about":[{"href":"https:\/\/www.militarychile.cl\/index.php?rest_route=\/wp\/v2\/types\/product"}],"wp:featuredmedia":[{"embeddable":true,"href":"https:\/\/www.militarychile.cl\/index.php?rest_route=\/wp\/v2\/media\/2008"}],"wp:attachment":[{"href":"https:\/\/www.militarychile.cl\/index.php?rest_route=%2Fwp%2Fv2%2Fmedia&parent=927"}],"wp:term":[{"taxonomy":"product_cat","embeddable":true,"href":"https:\/\/www.militarychile.cl\/index.php?rest_route=%2Fwp%2Fv2%2Fproduct_cat&post=927"},{"taxonomy":"product_tag","embeddable":true,"href":"https:\/\/www.militarychile.cl\/index.php?rest_route=%2Fwp%2Fv2%2Fproduct_tag&post=927"}],"curies":[{"name":"wp","href":"https:\/\/api.w.org\/{rel}","templated":true}]}}