{"id":9451,"date":"2023-10-17T11:09:29","date_gmt":"2023-10-17T14:09:29","guid":{"rendered":"https:\/\/www.militarychile.cl\/?post_type=product&#038;p=9451"},"modified":"2023-10-17T11:09:30","modified_gmt":"2023-10-17T14:09:30","slug":"colchon-inflable-doble-bombin-coleman","status":"publish","type":"product","link":"https:\/\/www.militarychile.cl\/?product=colchon-inflable-doble-bombin-coleman","title":{"rendered":"COLCHON INFLABLE DOBLE \/ BOMBIN COLEMAN"},"content":{"rendered":"<div class=\"jsx-561538463 additionInformation-container fa--product-additional-info\">\n<div class=\"jsx-3459521287 swatch \">\n<div id=\"productInfoContainer\" class=\"jsx-4151168483 productInfoContainer\">\n<div class=\"jsx-4151168483 description description-2-column\">\n<section class=\"jsx-2247763159 container\">\n<div class=\"jsx-2247763159 bodyContainer\">\n<div class=\"fb-product-information__product-information-tab\">\n<div class=\"fb-product-information-tab__copy\">\n<p>&nbsp;<\/p>\n<div><\/div>\n<div>Otras caracter\u00edsticas<\/div>\n<ul>\n<li>Altura x Largo x Ancho: 22 cm x 191 cm x 137 cm<\/li>\n<li>Con bomba de aire incorporada: S\u00ed<\/li>\n<li>Material: Poli\u00e9ster\/PU<\/li>\n<li>Peso: 3.8 kg<\/li>\n<li>Incluye almohadas: No<\/li>\n<\/ul>\n<div>Descripci\u00f3n<\/div>\n<div>COLCHON INFLABLE DOBLE GO<\/div>\n<div><\/div>\n<div>Descripci\u00f3n<\/div>\n<div>&#8211; Colchon de 2 plazas.<\/div>\n<div>&#8211; Suave cubierta aterciopelada y almohada integrada para una mayor comodidad.<\/div>\n<div>&#8211; Sistema de doble sellado en la v\u00e1lvula para un inflado f\u00e1cil y desinflado r\u00e1pido.<\/div>\n<div>&#8211; Incluye bomba de pie integrada al colch\u00f3n.<\/div>\n<div>&#8211; Incluye bolsa para guardar y transportar.<\/div>\n<div><\/div>\n<div>Material: POLIESTER\/PU<\/div>\n<div><\/div>\n<div>Dimensiones:<\/div>\n<div>Largo: 191 cm<\/div>\n<div>Ancho: 137 cm<\/div>\n<div>Alto: 22 cm<\/div>\n<div><\/div>\n<div>Medidas Empaque<\/div>\n<div>Largo: 16 cm<\/div>\n<div>Ancho: 36 cm<\/div>\n<div>Alto: 25 cm<\/div>\n<div>Peso: 3.8 Kg<\/div>\n<\/div>\n<\/div>\n<\/div>\n<\/section>\n<\/div>\n<\/div>\n<\/div>\n<\/div>\n<div id=\"carrusel-recs-7\" class=\"jsx-561538463\"><\/div>\n<div id=\"carrusel-recs-8\" class=\"jsx-561538463\"><\/div>\n<div id=\"carrusel-recs-9\" class=\"jsx-561538463\"><\/div>\n<div class=\"jsx-561538463 additionInformation-container fa--bazaarvoice\">\n<div data-bv-show=\"reviews\" data-bv-product-id=\"120720043\" data-bv-ready=\"true\">\n<div id=\"BVRRSearchContainer\"><\/div>\n<div id=\"BVRRContainer\">\n<div class=\"bv-cleanslate bv-cv2-cleanslate\">\n<div class=\"bv-shared bv-core-container-697\" data-bv-v=\"contentList:1\" data-product-id=\"120720043\">\n<div class=\"bv-compat bv-scroll-spy\" data-bv-target=\"review\">\n<div class=\"bv-content-list-container\">\n<div class=\"bv-header\"><\/div>\n<\/div>\n<\/div>\n<\/div>\n<\/div>\n<\/div>\n<\/div>\n<\/div>\n","protected":false},"excerpt":{"rendered":"<p>&nbsp; Otras caracter\u00edsticas Altura x Largo x Ancho: 22 cm x 191 cm x 137 cm Con bomba de aire incorporada: S\u00ed Material: Poli\u00e9ster\/PU Peso: 3.8 kg Incluye almohadas: No Descripci\u00f3n COLCHON INFLABLE DOBLE GO Descripci\u00f3n &#8211; Colchon de 2 plazas. &#8211; Suave cubierta aterciopelada y almohada integrada para una mayor comodidad. &#8211; Sistema de [&hellip;]<\/p>\n","protected":false},"featured_media":9452,"template":"","meta":{"_et_pb_use_builder":"","_et_pb_old_content":"","_et_gb_content_width":""},"product_cat":[482,480],"product_tag":[],"class_list":{"0":"post-9451","1":"product","2":"type-product","3":"status-publish","4":"has-post-thumbnail","6":"product_cat-colchones","7":"product_cat-outdoor","9":"first","10":"instock","11":"shipping-taxable","12":"purchasable","13":"product-type-simple"},"_links":{"self":[{"href":"https:\/\/www.militarychile.cl\/index.php?rest_route=\/wp\/v2\/product\/9451"}],"collection":[{"href":"https:\/\/www.militarychile.cl\/index.php?rest_route=\/wp\/v2\/product"}],"about":[{"href":"https:\/\/www.militarychile.cl\/index.php?rest_route=\/wp\/v2\/types\/product"}],"wp:featuredmedia":[{"embeddable":true,"href":"https:\/\/www.militarychile.cl\/index.php?rest_route=\/wp\/v2\/media\/9452"}],"wp:attachment":[{"href":"https:\/\/www.militarychile.cl\/index.php?rest_route=%2Fwp%2Fv2%2Fmedia&parent=9451"}],"wp:term":[{"taxonomy":"product_cat","embeddable":true,"href":"https:\/\/www.militarychile.cl\/index.php?rest_route=%2Fwp%2Fv2%2Fproduct_cat&post=9451"},{"taxonomy":"product_tag","embeddable":true,"href":"https:\/\/www.militarychile.cl\/index.php?rest_route=%2Fwp%2Fv2%2Fproduct_tag&post=9451"}],"curies":[{"name":"wp","href":"https:\/\/api.w.org\/{rel}","templated":true}]}}