{"id":9747,"date":"2024-01-15T16:03:27","date_gmt":"2024-01-15T19:03:27","guid":{"rendered":"https:\/\/www.militarychile.cl\/?post_type=product&#038;p=9747"},"modified":"2026-01-05T12:08:17","modified_gmt":"2026-01-05T15:08:17","slug":"chaleco-hart-25s-spinning","status":"publish","type":"product","link":"https:\/\/www.militarychile.cl\/?product=chaleco-hart-25s-spinning","title":{"rendered":"CHALECO HART 25S SPINNING"},"content":{"rendered":"<p>&#8211; Chaleco de pesca super-t\u00e9cnico para spinning de costa o embarcado.<br \/>\n&#8211; Gran bolsillo trasero tipo mochila.<br \/>\n&#8211; Bolsillos frontales de gran capacidad para cajas de cebos con rejillas de evacuaci\u00f3n de agua.<br \/>\n&#8211; Bolsillo con cremallera hidrorepelente para guardar llaves.<br \/>\n&#8211; Porta-botell\u00edn isotermo desmontable.<br \/>\n&#8211; Porta-herramienta desmontable.<br \/>\n&#8211; 12 anillas multifunci\u00f3n para enganche de accesorios varios (sacadoras, herramientas, etc).<br \/>\n&#8211; Cintur\u00f3n desmontable con faja ri\u00f1onera semi-r\u00edgida para una protecci\u00f3n lumbar durante acciones de pesca prolongadas.<br \/>\n&#8211; Incorpora placas de foam flotante en su interior (desmontables).<br \/>\n&#8211; Cremalleras calidad vislon reforzadas.<br \/>\n&#8211; Cinchas-arn\u00e9s para asegurar el chaleco bajo los muslos impidiendo su desplazamiento.<br \/>\n&#8211; Banda reflectante en espalda.<br \/>\n&#8211; Forro interior de rejilla transpirable.<br \/>\n&#8211; Talla \u00fanica regulable mediante cinchas tipo mochila.<\/p>\n","protected":false},"excerpt":{"rendered":"<p>&#8211; Chaleco de pesca super-t\u00e9cnico para spinning de costa o embarcado. &#8211; Gran bolsillo trasero tipo mochila. &#8211; Bolsillos frontales de gran capacidad para cajas de cebos con rejillas de evacuaci\u00f3n de agua. &#8211; Bolsillo con cremallera hidrorepelente para guardar llaves. &#8211; Porta-botell\u00edn isotermo desmontable. &#8211; Porta-herramienta desmontable. &#8211; 12 anillas multifunci\u00f3n para enganche de [&hellip;]<\/p>\n","protected":false},"featured_media":9748,"template":"","meta":{"_et_pb_use_builder":"","_et_pb_old_content":"","_et_gb_content_width":""},"product_cat":[16,1042,248],"product_tag":[],"class_list":{"0":"post-9747","1":"product","2":"type-product","3":"status-publish","4":"has-post-thumbnail","6":"product_cat-sin-categorizar","7":"product_cat-chalecos-pesca","8":"product_cat-pesca","10":"first","11":"outofstock","12":"shipping-taxable","13":"purchasable","14":"product-type-simple"},"_links":{"self":[{"href":"https:\/\/www.militarychile.cl\/index.php?rest_route=\/wp\/v2\/product\/9747"}],"collection":[{"href":"https:\/\/www.militarychile.cl\/index.php?rest_route=\/wp\/v2\/product"}],"about":[{"href":"https:\/\/www.militarychile.cl\/index.php?rest_route=\/wp\/v2\/types\/product"}],"wp:featuredmedia":[{"embeddable":true,"href":"https:\/\/www.militarychile.cl\/index.php?rest_route=\/wp\/v2\/media\/9748"}],"wp:attachment":[{"href":"https:\/\/www.militarychile.cl\/index.php?rest_route=%2Fwp%2Fv2%2Fmedia&parent=9747"}],"wp:term":[{"taxonomy":"product_cat","embeddable":true,"href":"https:\/\/www.militarychile.cl\/index.php?rest_route=%2Fwp%2Fv2%2Fproduct_cat&post=9747"},{"taxonomy":"product_tag","embeddable":true,"href":"https:\/\/www.militarychile.cl\/index.php?rest_route=%2Fwp%2Fv2%2Fproduct_tag&post=9747"}],"curies":[{"name":"wp","href":"https:\/\/api.w.org\/{rel}","templated":true}]}}