{"id":9876,"date":"2024-03-13T13:09:55","date_gmt":"2024-03-13T16:09:55","guid":{"rendered":"https:\/\/www.militarychile.cl\/?post_type=product&#038;p=9876"},"modified":"2024-03-13T13:09:55","modified_gmt":"2024-03-13T16:09:55","slug":"nebo-columbo-keychain","status":"publish","type":"product","link":"https:\/\/www.militarychile.cl\/?product=nebo-columbo-keychain","title":{"rendered":"NEBO COLUMBO KEYCHAIN"},"content":{"rendered":"<p>La belleza del COLUMBO\u2122 Keychain Pocket Light radica en su simplicidad y conveniencia. No es necesario pasar por m\u00faltiples modos de luz; simplemente act\u00edvala con la operaci\u00f3n f\u00e1cil de giro con una sola mano. Fabricada con aluminio de grado aeron\u00e1utico, la carcasa est\u00e1 anodizada para resistir la corrosi\u00f3n y es resistente al agua y a los impactos. El LED de 100 l\u00famenes funciona con una sola bater\u00eda AAA y el llavero extra\u00edble te permite sujetarlo a las llaves del auto, una mochila o un bolso para tenerlo siempre a mano. Con una longitud de poco m\u00e1s de 3 pulgadas y un di\u00e1metro de menos de 1 pulgada, no es mucho m\u00e1s grande que un b\u00e1lsamo labial o un paquete de chicle. Gracias al COLUMBO\u2122 Keychain Pocket Light, no hay excusa para no tener una luz y estar preparado para lo inesperado.<\/p>\n","protected":false},"excerpt":{"rendered":"<p>La belleza del COLUMBO\u2122 Keychain Pocket Light radica en su simplicidad y conveniencia. No es necesario pasar por m\u00faltiples modos de luz; simplemente act\u00edvala con la operaci\u00f3n f\u00e1cil de giro con una sola mano. Fabricada con aluminio de grado aeron\u00e1utico, la carcasa est\u00e1 anodizada para resistir la corrosi\u00f3n y es resistente al agua y a [&hellip;]<\/p>\n","protected":false},"featured_media":9877,"template":"","meta":{"_et_pb_use_builder":"","_et_pb_old_content":"","_et_gb_content_width":""},"product_cat":[80],"product_tag":[],"class_list":{"0":"post-9876","1":"product","2":"type-product","3":"status-publish","4":"has-post-thumbnail","6":"product_cat-linternas","8":"first","9":"instock","10":"shipping-taxable","11":"purchasable","12":"product-type-simple"},"_links":{"self":[{"href":"https:\/\/www.militarychile.cl\/index.php?rest_route=\/wp\/v2\/product\/9876"}],"collection":[{"href":"https:\/\/www.militarychile.cl\/index.php?rest_route=\/wp\/v2\/product"}],"about":[{"href":"https:\/\/www.militarychile.cl\/index.php?rest_route=\/wp\/v2\/types\/product"}],"wp:featuredmedia":[{"embeddable":true,"href":"https:\/\/www.militarychile.cl\/index.php?rest_route=\/wp\/v2\/media\/9877"}],"wp:attachment":[{"href":"https:\/\/www.militarychile.cl\/index.php?rest_route=%2Fwp%2Fv2%2Fmedia&parent=9876"}],"wp:term":[{"taxonomy":"product_cat","embeddable":true,"href":"https:\/\/www.militarychile.cl\/index.php?rest_route=%2Fwp%2Fv2%2Fproduct_cat&post=9876"},{"taxonomy":"product_tag","embeddable":true,"href":"https:\/\/www.militarychile.cl\/index.php?rest_route=%2Fwp%2Fv2%2Fproduct_tag&post=9876"}],"curies":[{"name":"wp","href":"https:\/\/api.w.org\/{rel}","templated":true}]}}