{"id":9887,"date":"2024-03-13T13:22:16","date_gmt":"2024-03-13T16:22:16","guid":{"rendered":"https:\/\/www.militarychile.cl\/?post_type=product&#038;p=9887"},"modified":"2025-11-10T14:01:25","modified_gmt":"2025-11-10T17:01:25","slug":"linterna-nextorch-e30-2000-lum","status":"publish","type":"product","link":"https:\/\/www.militarychile.cl\/?product=linterna-nextorch-e30-2000-lum","title":{"rendered":"LINTERNA NEXTORCH E30 2000 LUM"},"content":{"rendered":"<ul>\n<li>Iluminaci\u00f3n: 2000 L\u00famenes<\/li>\n<li>Carga R\u00e1pida Tipo C<\/li>\n<li>Distancia M\u00e1xima: 380 Mts<\/li>\n<li>6 Modos de encendido: ALTA \u2013 MEDIA \u2013 BAJA \u2013 ESTROBOSC\u00d3PICO \u2013 MOMENT\u00c1NEO \u2013 SOS<\/li>\n<li>Durabilidad luz alta: 3 Horas \u2013 Luz Media: 5 Horas<\/li>\n<li>Peso: 265 grs<\/li>\n<li>Medidas: 164 mm x 34 mm x 59mm<\/li>\n<li>Incluye Bater\u00eda: 26650<\/li>\n<\/ul>\n","protected":false},"excerpt":{"rendered":"<p>Iluminaci\u00f3n: 2000 L\u00famenes Carga R\u00e1pida Tipo C Distancia M\u00e1xima: 380 Mts 6 Modos de encendido: ALTA \u2013 MEDIA \u2013 BAJA \u2013 ESTROBOSC\u00d3PICO \u2013 MOMENT\u00c1NEO \u2013 SOS Durabilidad luz alta: 3 Horas \u2013 Luz Media: 5 Horas Peso: 265 grs Medidas: 164 mm x 34 mm x 59mm Incluye Bater\u00eda: 26650<\/p>\n","protected":false},"featured_media":9888,"template":"","meta":{"_et_pb_use_builder":"","_et_pb_old_content":"","_et_gb_content_width":""},"product_cat":[80],"product_tag":[],"class_list":{"0":"post-9887","1":"product","2":"type-product","3":"status-publish","4":"has-post-thumbnail","6":"product_cat-linternas","8":"first","9":"instock","10":"sale","11":"shipping-taxable","12":"purchasable","13":"product-type-simple"},"_links":{"self":[{"href":"https:\/\/www.militarychile.cl\/index.php?rest_route=\/wp\/v2\/product\/9887"}],"collection":[{"href":"https:\/\/www.militarychile.cl\/index.php?rest_route=\/wp\/v2\/product"}],"about":[{"href":"https:\/\/www.militarychile.cl\/index.php?rest_route=\/wp\/v2\/types\/product"}],"wp:featuredmedia":[{"embeddable":true,"href":"https:\/\/www.militarychile.cl\/index.php?rest_route=\/wp\/v2\/media\/9888"}],"wp:attachment":[{"href":"https:\/\/www.militarychile.cl\/index.php?rest_route=%2Fwp%2Fv2%2Fmedia&parent=9887"}],"wp:term":[{"taxonomy":"product_cat","embeddable":true,"href":"https:\/\/www.militarychile.cl\/index.php?rest_route=%2Fwp%2Fv2%2Fproduct_cat&post=9887"},{"taxonomy":"product_tag","embeddable":true,"href":"https:\/\/www.militarychile.cl\/index.php?rest_route=%2Fwp%2Fv2%2Fproduct_tag&post=9887"}],"curies":[{"name":"wp","href":"https:\/\/api.w.org\/{rel}","templated":true}]}}