{"id":9892,"date":"2024-03-13T13:31:25","date_gmt":"2024-03-13T16:31:25","guid":{"rendered":"https:\/\/www.militarychile.cl\/?post_type=product&#038;p=9892"},"modified":"2024-03-13T13:31:27","modified_gmt":"2024-03-13T16:31:27","slug":"linterna-nextorch-e51-1400-lum","status":"publish","type":"product","link":"https:\/\/www.militarychile.cl\/?product=linterna-nextorch-e51-1400-lum","title":{"rendered":"LINTERNA NEXTORCH E51 1400 LUM"},"content":{"rendered":"<div class=\"product-tabs tabs\">\n<div id=\"tab-content\" class=\"tab-content\">\n<div id=\"description\" class=\"tab-pane fade in active js-product-tab-active \" role=\"tabpanel\">\n<div class=\"product-description\">\n<div id=\"tw-target-text-container\" class=\"tw-ta-container hide-focus-ring tw-nfl\"><\/div>\n<h2 id=\"tw-target-rmn-container\" class=\"tw-target-rmn tw-ta-container hide-focus-ring tw-nfl\">E51 V2.0 es una versi\u00f3n mejorada de la linterna de bolsillo EDC de alto rendimiento E51, con una salida m\u00e1xima de hasta 1400 l\u00famenes, tan brillante como el d\u00eda en la oscuridad.<\/h2>\n<\/div>\n<\/div>\n<\/div>\n<\/div>\n<div class=\"blockreassurance_product\">\n<div><span class=\"item-product\">\u00a0<\/span><\/p>\n<p class=\"block-title\">\n<\/div>\n<\/div>\n","protected":false},"excerpt":{"rendered":"<p>E51 V2.0 es una versi\u00f3n mejorada de la linterna de bolsillo EDC de alto rendimiento E51, con una salida m\u00e1xima de hasta 1400 l\u00famenes, tan brillante como el d\u00eda en la oscuridad. \u00a0<\/p>\n","protected":false},"featured_media":9893,"template":"","meta":{"_et_pb_use_builder":"","_et_pb_old_content":"","_et_gb_content_width":""},"product_cat":[80],"product_tag":[81],"class_list":{"0":"post-9892","1":"product","2":"type-product","3":"status-publish","4":"has-post-thumbnail","6":"product_cat-linternas","7":"product_tag-linterna","9":"first","10":"instock","11":"shipping-taxable","12":"purchasable","13":"product-type-simple"},"_links":{"self":[{"href":"https:\/\/www.militarychile.cl\/index.php?rest_route=\/wp\/v2\/product\/9892"}],"collection":[{"href":"https:\/\/www.militarychile.cl\/index.php?rest_route=\/wp\/v2\/product"}],"about":[{"href":"https:\/\/www.militarychile.cl\/index.php?rest_route=\/wp\/v2\/types\/product"}],"wp:featuredmedia":[{"embeddable":true,"href":"https:\/\/www.militarychile.cl\/index.php?rest_route=\/wp\/v2\/media\/9893"}],"wp:attachment":[{"href":"https:\/\/www.militarychile.cl\/index.php?rest_route=%2Fwp%2Fv2%2Fmedia&parent=9892"}],"wp:term":[{"taxonomy":"product_cat","embeddable":true,"href":"https:\/\/www.militarychile.cl\/index.php?rest_route=%2Fwp%2Fv2%2Fproduct_cat&post=9892"},{"taxonomy":"product_tag","embeddable":true,"href":"https:\/\/www.militarychile.cl\/index.php?rest_route=%2Fwp%2Fv2%2Fproduct_tag&post=9892"}],"curies":[{"name":"wp","href":"https:\/\/api.w.org\/{rel}","templated":true}]}}